{"id":18450,"date":"2024-07-19T04:58:45","date_gmt":"2024-07-19T02:58:45","guid":{"rendered":"https:\/\/suniway.com\/data-protection\/"},"modified":"2024-08-30T18:17:49","modified_gmt":"2024-08-30T16:17:49","slug":"datenschutz","status":"publish","type":"page","link":"https:\/\/suniway.com\/de\/datenschutz\/","title":{"rendered":"Datenschutz"},"content":{"rendered":"\t\t<div data-elementor-type=\"wp-page\" data-elementor-id=\"18450\" class=\"elementor elementor-18450 elementor-17396\">\n\t\t\t\t\t\t<section class=\"elementor-section elementor-top-section elementor-element elementor-element-778978b elementor-section-boxed elementor-section-height-default elementor-section-height-default\" data-id=\"778978b\" data-element_type=\"section\" data-e-type=\"section\">\n\t\t\t\t\t\t<div class=\"elementor-container elementor-column-gap-default\">\n\t\t\t\t\t<div class=\"elementor-column elementor-col-100 elementor-top-column elementor-element elementor-element-51b556aa\" data-id=\"51b556aa\" data-element_type=\"column\" data-e-type=\"column\">\n\t\t\t<div class=\"elementor-widget-wrap elementor-element-populated\">\n\t\t\t\t\t\t<div class=\"elementor-element elementor-element-1105c2f1 elementor-widget elementor-widget-text-editor\" data-id=\"1105c2f1\" data-element_type=\"widget\" data-e-type=\"widget\" data-widget_type=\"text-editor.default\">\n\t\t\t\t<div class=\"elementor-widget-container\">\n\t\t\t\t\t\t\t\t\t<p><\/p>\n<h2>Datenschutz<\/h2>\n<p><\/p>\n<p><\/p>\n<h3><strong>Erkl\u00e4rung zum Datenschutz<\/strong><\/h3>\n<p>Die Nutzung unserer Webseite ist in der Regel ohne Angabe personenbezogener Daten m\u00f6glich.\nSoweit auf unseren Seiten personenbezogene Daten (beispielsweise Name, Anschrift oder eMail-Adressen) erhoben werden, erfolgt dies, soweit m\u00f6glich, stets auf freiwilliger Basis.\nDiese Daten werden ohne Ihre ausdr\u00fcckliche Zustimmung nicht an Dritte weitergegeben.\nWir weisen darauf hin, dass die Daten\u00fcbertragung im Internet (z.B. bei der Kommunikation per E-Mail) Sicherheitsl\u00fccken aufweisen kann.\nEin l\u00fcckenloser Schutz der Daten vor dem Zugriff durch Dritte ist nicht m\u00f6glich.      <br>Der Nutzung von im Rahmen der Impressumspflicht ver\u00f6ffentlichten Kontaktdaten durch Dritte zur \u00dcbersendung von nicht ausdr\u00fccklich angeforderter Werbung und Informationsmaterialien wird hiermit ausdr\u00fccklich widersprochen.\nWir behalten uns ausdr\u00fccklich rechtliche Schritte im Falle der unverlangten Zusendung von Werbeinformationen, etwa durch Spam-Mails, vor. <\/p>\n<h3>ZUGRIFF AUF DATEN\/SERVER-LOGDATEIEN<\/h3>\n<p>Wir (bzw. unser Webspace-Provider Domain 1und1 -&gt; https:\/\/www.1und1.de\/Datenschutz) erheben Daten \u00fcber jeden Zugriff auf das Angebot (sog. Server-Logfiles).\nZu den Zugriffsdaten geh\u00f6ren: Name der abgerufenen Webseite, Datei, Datum, Uhrzeit und Dauer des Abrufs, \u00fcbertragene Datenmenge, Meldung \u00fcber erfolgreichen Abruf, Browsertyp nebst Version, das Betriebssystem des Nutzers, Referrer URL (die zuvor besuchte Seite), IP-Adresse und der anfragende Provider.\nFacing Finance e.V. verwendet die Protokolldaten nur f\u00fcr statistische Auswertungen zum Zweck des Betriebs, der Sicherheit und der Optimierung des Angebotes.\nFacing Finance e.V. beh\u00e4lt sich jedoch das Recht vor, die Protokolldaten nachtr\u00e4glich zu \u00fcberpr\u00fcfen, wenn ein begr\u00fcndeter Verdacht auf eine rechtswidrige Nutzung aufgrund konkreter Anhaltspunkte besteht.   <\/p>\n<h3>UMGANG MIT PERS\u00d6NLICHEN DATEN<\/h3>\n<p>Personenbezogene Daten sind Informationen, die zur Identifizierung einer Person verwendet werden k\u00f6nnen, d.h. Informationen, die zu einer Person zur\u00fcckverfolgt werden k\u00f6nnen.\nDazu geh\u00f6ren Ihr Name, Ihre E-Mail-Adresse oder Ihre Telefonnummer.\nAber auch Daten \u00fcber Vorlieben, Hobbys, Mitgliedschaften oder welche Websites von jemandem besucht wurden, z\u00e4hlen zu den personenbezogenen Daten.\nPersonenbezogene Daten werden vom Anbieter nur dann erhoben, verwendet und weitergegeben, wenn dies gesetzlich erlaubt ist oder wenn die Nutzer der Datenerhebung zustimmen.   <\/p>\n<h3>Kategorien von betroffenen Personen<\/h3>\n<p>Besucher und Nutzer des Online-Angebots (im Folgenden &#8222;Nutzer&#8220; genannt).\nZweck der Verarbeitung<br>Bereitstellung des Online-Angebots, seiner Funktionen und Inhalte. <\/p>\n<p>&#8211; Beantwortung von Kontaktanfragen und Kommunikation mit Nutzern<br>&#8211; Sicherheitsma\u00dfnahmen<br>&#8211; Reichweitenmessung\/Marketing<\/p>\n<p>Der Betreiber der Website sammelt, nutzt und gibt Ihre pers\u00f6nlichen Daten nur dann weiter, wenn dies gesetzlich erlaubt ist oder Sie in die Datenerhebung einwilligen.<br>Pers\u00f6nliche Daten sind alle Informationen, die dazu dienen, Sie zu identifizieren und die zu Ihnen zur\u00fcckverfolgt werden k\u00f6nnen, wie z.B. Ihr Name, Ihre E-Mail-Adresse und Ihre Telefonnummer.<\/p>\n<h3>Geltende Rechtsgrundlagen<\/h3>\n<p>In \u00dcbereinstimmung mit Art. 13 DSGVO informieren wir Sie \u00fcber die Rechtsgrundlage f\u00fcr unsere Datenverarbeitung.\nWenn die Rechtsgrundlage nicht in der Datenschutzerkl\u00e4rung genannt ist, gilt Folgendes: Die Rechtsgrundlage f\u00fcr die Einholung von Einwilligungen ist Art. 6 Abs.\n1 lit.\na und Art. 7 DSGVO, die Rechtsgrundlage f\u00fcr die Verarbeitung zur Erbringung unserer Leistungen und zur Durchf\u00fchrung vertraglicher Ma\u00dfnahmen sowie zur Beantwortung von Anfragen ist Art. 6 Abs.\n1 lit.\nb DSGVO, die Rechtsgrundlage f\u00fcr die Verarbeitung zur Erf\u00fcllung unserer rechtlichen Verpflichtungen.     <\/p>\n<p>Die Verpflichtungen sind Art. 6 Abs..\n1 lit.\nc DSGVO, und die Rechtsgrundlage f\u00fcr die Verarbeitung zur Wahrung unserer berechtigten Interessen ist Art. 6 Abs..\n1 lit.\nf DSGVO.\nF\u00fcr den Fall, dass lebenswichtige Interessen der betroffenen Person oder einer anderen nat\u00fcrlichen Person die Verarbeitung personenbezogener Daten erfordern, dient Art. 6 Abs. 1 lit. d DSGVO als Rechtsgrundlage.     <\/p>\n<h3>Sicherheitsvorkehrungen<\/h3>\n<p>Wir treffen geeignete technische und organisatorische Ma\u00dfnahmen, um unter Ber\u00fccksichtigung des Stands der Technik, der Implementierungskosten und der Art, des Umfangs, der Umst\u00e4nde und der Zwecke der Verarbeitung sowie der unterschiedlichen Eintrittswahrscheinlichkeit und Schwere des Risikos f\u00fcr die Rechte und Freiheiten nat\u00fcrlicher Personen ein dem Risiko angemessenes Schutzniveau zu gew\u00e4hrleisten, gem. 32 DSGVO.<\/p>\n<p>Zu diesen Ma\u00dfnahmen geh\u00f6rt insbesondere die Sicherstellung der Vertraulichkeit, Integrit\u00e4t und Verf\u00fcgbarkeit der Daten durch die Kontrolle des physischen Zugangs zu den Daten sowie des Zugangs, der Eingabe, der \u00dcbertragung, der Sicherheit der Verf\u00fcgbarkeit und ihrer Trennung.\nDar\u00fcber hinaus haben wir Verfahren eingerichtet, um die Aus\u00fcbung der Rechte der betroffenen Personen, die L\u00f6schung von Daten und die Reaktion auf die Gef\u00e4hrdung von Daten zu gew\u00e4hrleisten.\nDar\u00fcber hinaus ber\u00fccksichtigen wir den Schutz personenbezogener Daten bereits bei der Entwicklung bzw. Auswahl von Hardware, Software und Verfahren, gem\u00e4\u00df dem Grundsatz des Datenschutzes durch Technikgestaltung und datenschutzfreundliche Voreinstellungen (Art. 25 DSGV)  <\/p>\n<h3>\u00dcbertragungen in Drittl\u00e4nder<\/h3>\n<p>Wenn wir Daten in einem Drittland (d.h. au\u00dferhalb der Europ\u00e4ischen Union (EU) oder des Europ\u00e4ischen Wirtschaftsraums (EWR)) verarbeiten oder dies im Rahmen der Inanspruchnahme von Diensten Dritter oder der Offenlegung oder \u00dcbermittlung von Daten an Dritte geschieht, geschieht dies nur, wenn es zur Erf\u00fcllung unserer (vor-)vertraglichen Verpflichtungen, auf der Grundlage Ihrer Einwilligung, auf der Grundlage einer gesetzlichen Verpflichtung oder auf der Grundlage unserer berechtigten Interessen geschieht.<\/p>\n<p>Vorbehaltlich gesetzlicher oder vertraglicher Erlaubnisse verarbeiten oder belassen wir die Daten in einem Drittland nur dann, wenn die besonderen Anforderungen der Art. 44 ff.\nDSGVO verarbeiten.\nDies bedeutet z.B., dass die Verarbeitung auf der Grundlage besonderer Garantien erfolgt, wie der offiziell anerkannten Festlegung eines der EU entsprechenden Datenschutzniveaus (z.B. f\u00fcr die USA durch das &#8222;Privacy Shield&#8220;) oder der Einhaltung offiziell anerkannter besonderer vertraglicher Verpflichtungen (sog. &#8222;Standardvertragsklauseln&#8220;).  <\/p>\n<h3>Rechte der betroffenen Personen<\/h3>\n<p>Sie haben das Recht, eine Best\u00e4tigung dar\u00fcber zu verlangen, ob die betreffenden Daten verarbeitet werden, und eine Auskunft \u00fcber diese Daten sowie weitere Informationen und eine Kopie der Daten gem\u00e4\u00df Art. 15 DSGVO.<br>Sie haben dementsprechend.\nSie haben gem\u00e4\u00df Art. 16 DSGVO das Recht, die Vervollst\u00e4ndigung der Sie betreffenden Daten oder die Berichtigung der Sie betreffenden unrichtigen Daten zu verlangen. <\/p>\n<p>Gem\u00e4\u00df Art. 17 DSGVO haben Sie das Recht, die unverz\u00fcgliche L\u00f6schung der betreffenden Daten zu verlangen oder alternativ eine Einschr\u00e4nkung der Verarbeitung der Daten gem\u00e4\u00df Art. 18 DSGVO.<br>Sie haben das Recht zu verlangen, dass die Sie betreffenden Daten, die Sie uns zur Verf\u00fcgung gestellt haben, gem\u00e4\u00df Art. 20 DSGVO zu erhalten und deren \u00dcbermittlung an andere Verantwortliche zu verlangen.<br>Sie haben gem\u00e4\u00df Art. 77 DSGVO haben sie au\u00dferdem das Recht, eine Beschwerde bei der zust\u00e4ndigen Aufsichtsbeh\u00f6rde einzureichen.<\/p>\n<h3>Recht auf Widerruf<\/h3>\n<p>Sie haben das Recht, erteilte Einwilligungen gem\u00e4\u00df Art. 7 Abs..\n3 DSGVO mit Wirkung f\u00fcr die Zukunft zu widerrufen. <\/p>\n<h3>Recht auf Einspruch<\/h3>\n<p>Sie k\u00f6nnen der k\u00fcnftigen Verarbeitung der Sie betreffenden Daten gem\u00e4\u00df Art. 21 DSGVO jederzeit widersprechen.\nDer Widerspruch kann insbesondere gegen die Verarbeitung zu Zwecken des Direktmarketings eingelegt werden. <\/p>\n<h3>L\u00f6schung von Daten<\/h3>\n<p>Die von uns verarbeiteten Daten werden nach Ma\u00dfgabe der Artikel 17 und 18 DSGVO gel\u00f6scht oder ihre Verarbeitung eingeschr\u00e4nkt.\nSofern nicht ausdr\u00fccklich in dieser Datenschutzerkl\u00e4rung angegeben, werden die von uns gespeicherten Daten gel\u00f6scht, sobald sie f\u00fcr den vorgesehenen Zweck nicht mehr erforderlich sind und der L\u00f6schung keine gesetzlichen Aufbewahrungspflichten entgegenstehen.\nWenn die Daten nicht gel\u00f6scht werden, weil sie f\u00fcr andere und gesetzlich zul\u00e4ssige Zwecke erforderlich sind, wird ihre Verarbeitung eingeschr\u00e4nkt.\nDas hei\u00dft, die Daten werden gesperrt und nicht f\u00fcr andere Zwecke verarbeitet.\nDies gilt z.B. f\u00fcr Daten, die aus handels- oder steuerrechtlichen Gr\u00fcnden aufbewahrt werden m\u00fcssen.    <\/p>\n<p>Nach den gesetzlichen Vorgaben in Deutschland erfolgt die Aufbewahrung insbesondere f\u00fcr 10 Jahre gem\u00e4\u00df \u00a7\u00a7 147 Abs. 1 AO, 257 Abs. 2 AO.\n1 AO, 257 Abs.\n1 Nr. 1 und 4, Abs.\n4 HGB (B\u00fccher, Aufzeichnungen, Lageberichte, Buchhaltungsunterlagen, Handelsb\u00fccher, steuerlich relevante Unterlagen etc.) und 6 Jahre nach \u00a7 257 Abs. 1 Nr. 2 und 3, Abs. 3 HGB.\n1 Nr. 2 und 3, Abs.\n4 HGB (Handelsbriefe).     <\/p>\n<p> <\/p>\n<h3>Ihre sonstigen Rechte<\/h3>\n<p>Sie k\u00f6nnen die folgenden Rechte jederzeit \u00fcber die Kontaktdaten unseres Datenschutzbeauftragten aus\u00fcben:<\/p>\n<p>  &#8211; Informationen \u00fcber Ihre bei uns gespeicherten Daten und deren Verarbeitung,<br>  &#8211; Berichtigung unrichtiger personenbezogener Daten,<br> &#8211; L\u00f6schung Ihrer bei uns gespeicherten Daten,<br> &#8211; Einschr\u00e4nkung der Datenverarbeitung, wenn wir Ihre Daten aufgrund gesetzlicher Verpflichtungen noch nicht l\u00f6schen d\u00fcrfen,<br> &#8211; Widerspruch gegen die Verarbeitung Ihrer Daten bei uns und<br> &#8211; Daten\u00fcbertragbarkeit, sofern Sie in die Datenverarbeitung eingewilligt haben oder einen Vertrag mit uns abgeschlossen haben.<br>  &#8211; Wenn Sie uns Ihre Zustimmung gegeben haben, k\u00f6nnen Sie diese jederzeit mit Wirkung f\u00fcr die Zukunft widerrufen.<br>  &#8211; Sie k\u00f6nnen sich jederzeit bei der f\u00fcr Sie zust\u00e4ndigen Aufsichtsbeh\u00f6rde beschweren.<br>  Welche Aufsichtsbeh\u00f6rde f\u00fcr Sie zust\u00e4ndig ist, h\u00e4ngt von Ihrem Wohnsitzstaat,<br> &#8211; Ihrer Arbeit oder dem mutma\u00dflichen Versto\u00df ab.\nEine Liste der Aufsichtsbeh\u00f6rden (f\u00fcr den nicht-\u00f6ffentlichen Bereich)<br> mit Adressen finden Sie unter:<br> <a href=\"https:\/\/www.bfdi.bund.de\/DE\/Infothek\/Anschriften_Links\/anschriften_links-node.html\" target=\"_blank\" rel=\"noopener\">https:\/\/www.bfdi.bund.de\/DE\/Infothek\/Anschriften_Links\/anschriften_links-node.html<\/a> <\/p>\n<p> <\/p>\n<h3>Cookies und Widerspruchsrecht bei Direktwerbung<\/h3>\n<p>Cookies&#8220; sind kleine Dateien, die auf dem Computer des Benutzers gespeichert werden. In den Cookies k\u00f6nnen verschiedene Daten gespeichert werden. Ein Cookie wird in erster Linie verwendet, um Informationen \u00fcber einen Benutzer (oder das Ger\u00e4t, auf dem das Cookie gespeichert ist) w\u00e4hrend oder nach seinem Besuch eines Online-Angebots zu speichern. Tempor\u00e4re Cookies, auch &#8222;Sitzungscookies&#8220; oder &#8222;transiente Cookies&#8220; genannt, sind Cookies, die gel\u00f6scht werden, nachdem ein Benutzer ein Online-Angebot verl\u00e4sst und seinen Browser schlie\u00dft.\nIn einem solchen Cookie kann z.B. der Inhalt eines Warenkorbs in einem Online-Shop oder ein Login-Status gespeichert werden. <\/p>\n<p>Cookies werden als &#8222;permanent&#8220; oder &#8222;best\u00e4ndig&#8220; bezeichnet und bleiben auch nach dem Schlie\u00dfen des Browsers gespeichert.\nSo kann zum Beispiel der Login-Status gespeichert werden, wenn der Benutzer die Seite nach mehreren Tagen besucht.\nEbenso k\u00f6nnen die Interessen der Nutzer, die f\u00fcr Reichweitenmessungen oder Marketingzwecke verwendet werden, in einem solchen Cookie gespeichert werden.\nDrittanbieter-Cookies&#8220; sind Cookies, die von anderen Anbietern als dem f\u00fcr den Betrieb des Online-Angebots Verantwortlichen angeboten werden (andernfalls, wenn es sich nur um dessen Cookies handelt, werden sie als &#8222;Erstanbieter-Cookies&#8220; bezeichnet).   <\/p>\n<p>Wir k\u00f6nnen tempor\u00e4re und permanente Cookies verwenden und kl\u00e4ren dar\u00fcber im Rahmen unserer Datenschutzerkl\u00e4rung auf.<br>Wenn Nutzer nicht m\u00f6chten, dass Cookies auf ihrem Computer gespeichert werden, werden sie gebeten, die entsprechende Option in den Systemeinstellungen ihres Browsers zu deaktivieren.\nGespeicherte Cookies k\u00f6nnen in den Systemeinstellungen des Browsers gel\u00f6scht werden.\nDer Ausschluss von Cookies kann zu Funktionseinschr\u00e4nkungen dieses Online-Angebots f\u00fchren.  <\/p>\n<p>Ein genereller Widerspruch gegen die Verwendung von Cookies zu Online-Marketingzwecken kann f\u00fcr viele der Dienste, insbesondere im Falle des Trackings, \u00fcber die US-Seite <a href=\"http:\/\/www.aboutads.info\/choices\/\" target=\"_blank\" rel=\"noopener\">http:\/\/www.aboutads.info\/choices\/<\/a> oder die EU-Seite <a href=\"http:\/\/www.youronlinechoices.com\/\" target=\"_blank\" rel=\"noopener\">http:\/\/www.youronlinechoices.com\/<\/a> erkl\u00e4rt werden <a href=\"http:\/\/www.youronlinechoices.com\/\" target=\"_blank\" rel=\"noopener\">.<\/a>\nDar\u00fcber hinaus kann die Speicherung von Cookies durch deren Deaktivierung in den Browsereinstellungen erreicht werden.\nBitte beachten Sie, dass in diesem Fall nicht alle Funktionen dieses Online-Angebots genutzt werden k\u00f6nnen.  <\/p>\n<h3>Verwendung von Google Maps<\/h3>\n<p>Diese Website verwendet Google Maps API, um geografische Informationen visuell darzustellen.\nBei der Verwendung von Google Maps sammelt, verarbeitet und nutzt Google auch Daten \u00fcber die Nutzung der Kartenfunktionen durch Besucher.\nWeitere Informationen \u00fcber die Datenverarbeitung durch Google finden Sie in den Datenschutzbestimmungen von Google.\nDort k\u00f6nnen Sie auch Ihre pers\u00f6nlichen Datenschutzeinstellungen im Datenschutz-Center \u00e4ndern.<br>Ausf\u00fchrliche Anleitungen zur Verwaltung Ihrer eigenen Daten in Verbindung mit Google-Produkten <a href=\"https:\/\/support.google.com\/accounts\/answer\/3024190\" target=\"_blank\" rel=\"noopener\">finden Sie hier<\/a>.   <\/p>\n<h3>Kontaktaufnahme mit<\/h3>\n<p>Bei der Kontaktaufnahme mit uns (z.B. per Kontaktformular, E-Mail, Telefon oder \u00fcber soziale Medien) werden die Angaben des Nutzers zur Bearbeitung der Kontaktanfrage und deren Abwicklung gem. Art. 6 Abs.\n1 lit.\nb) DSGVO.\nDie Nutzerdaten k\u00f6nnen in einem Customer Relationship Management System (&#8222;CRM-System&#8220;) oder einer vergleichbaren Anfrageorganisation gespeichert werden.   <\/p>\n<h3>Umgang mit Kontaktdaten<\/h3>\n<p>Wenn Sie \u00fcber die angebotenen Kontaktm\u00f6glichkeiten mit dem Betreiber der Website in Verbindung treten, werden Ihre Angaben gespeichert, damit sie zur Bearbeitung und Beantwortung Ihrer Anfrage verwendet werden k\u00f6nnen.\nDiese Daten werden nicht ohne Ihre Zustimmung an Dritte weitergegeben. <\/p>\n<h3>Aktualit\u00e4t und \u00c4nderung dieser Datenschutzerkl\u00e4rung<\/h3>\n<p>Diese Datenschutzerkl\u00e4rung ist aktuell g\u00fcltig und hat den Stand Juli 2024.<br>Durch die Weiterentwicklung unserer Website und Angebote dar\u00fcber oder aufgrund ge\u00e4nderter gesetzlicher beziehungsweise beh\u00f6rdlicher Vorgaben kann es notwendig werden, diese Datenschutzerkl\u00e4rung zu \u00e4ndern.<\/p>\n<p> <\/p>\n<h3>Verantwortlich f\u00fcr die Datenschutzrichtlinie:<\/h3>\n<p><strong>SUNIWAY GmbH<\/strong><\/p>\n<p><a href=\"https:\/\/suniway.com\/legal-notice\/\">Siehe den rechtlichen Hinweis<\/a><\/p>\n<p>Bei Fragen zur Erhebung, Verarbeitung oder Nutzung Ihrer personenbezogenen Daten, bei Ausk\u00fcnften, Berichtigung, Sperrung oder L\u00f6schung von Daten senden Sie bitte eine E-Mail an <a href=\"mailto:info@held-hydraulik.de\">datenschutzbeauftragter@suniway.com<\/a> <\/p>\n<p> <\/p>\n<p><\/p>\t\t\t\t\t\t\t\t<\/div>\n\t\t\t\t<\/div>\n\t\t\t\t\t<\/div>\n\t\t<\/div>\n\t\t\t\t\t<\/div>\n\t\t<\/section>\n\t\t\t\t<\/div>\n\t\t","protected":false},"excerpt":{"rendered":"<p>Datenschutz Erkl\u00e4rung zum Datenschutz Die Nutzung unserer Webseite ist in der Regel ohne Angabe personenbezogener Daten m\u00f6glich. Soweit auf unseren Seiten personenbezogene Daten (beispielsweise Name, Anschrift oder eMail-Adressen) erhoben werden, erfolgt dies, soweit m\u00f6glich, stets auf freiwilliger Basis. Diese Daten werden&#8230;<\/p>\n","protected":false},"author":3,"featured_media":0,"parent":0,"menu_order":0,"comment_status":"closed","ping_status":"closed","template":"","meta":{"footnotes":""},"class_list":["post-18450","page","type-page","status-publish","hentry"],"_links":{"self":[{"href":"https:\/\/suniway.com\/de\/wp-json\/wp\/v2\/pages\/18450","targetHints":{"allow":["GET"]}}],"collection":[{"href":"https:\/\/suniway.com\/de\/wp-json\/wp\/v2\/pages"}],"about":[{"href":"https:\/\/suniway.com\/de\/wp-json\/wp\/v2\/types\/page"}],"author":[{"embeddable":true,"href":"https:\/\/suniway.com\/de\/wp-json\/wp\/v2\/users\/3"}],"replies":[{"embeddable":true,"href":"https:\/\/suniway.com\/de\/wp-json\/wp\/v2\/comments?post=18450"}],"version-history":[{"count":4,"href":"https:\/\/suniway.com\/de\/wp-json\/wp\/v2\/pages\/18450\/revisions"}],"predecessor-version":[{"id":18454,"href":"https:\/\/suniway.com\/de\/wp-json\/wp\/v2\/pages\/18450\/revisions\/18454"}],"wp:attachment":[{"href":"https:\/\/suniway.com\/de\/wp-json\/wp\/v2\/media?parent=18450"}],"curies":[{"name":"wp","href":"https:\/\/api.w.org\/{rel}","templated":true}]}}