{"id":18572,"date":"2024-05-14T08:23:41","date_gmt":"2024-05-14T06:23:41","guid":{"rendered":"https:\/\/suniway.com\/legal-notice\/"},"modified":"2024-09-25T11:27:47","modified_gmt":"2024-09-25T09:27:47","slug":"impressum","status":"publish","type":"page","link":"https:\/\/suniway.com\/de\/impressum\/","title":{"rendered":"Impressum"},"content":{"rendered":"\t\t<div data-elementor-type=\"wp-page\" data-elementor-id=\"18572\" class=\"elementor elementor-18572 elementor-16030\">\n\t\t\t\t\t\t<section class=\"elementor-section elementor-top-section elementor-element elementor-element-3115bd3e elementor-section-boxed elementor-section-height-default elementor-section-height-default\" data-id=\"3115bd3e\" data-element_type=\"section\" data-e-type=\"section\">\n\t\t\t\t\t\t<div class=\"elementor-container elementor-column-gap-default\">\n\t\t\t\t\t<div class=\"elementor-column elementor-col-33 elementor-top-column elementor-element elementor-element-1e73a65d\" data-id=\"1e73a65d\" data-element_type=\"column\" data-e-type=\"column\">\n\t\t\t<div class=\"elementor-widget-wrap elementor-element-populated\">\n\t\t\t\t\t\t<div class=\"elementor-element elementor-element-156000d0 elementor-widget elementor-widget-text-editor\" data-id=\"156000d0\" data-element_type=\"widget\" data-e-type=\"widget\" data-widget_type=\"text-editor.default\">\n\t\t\t\t<div class=\"elementor-widget-container\">\n\t\t\t\t\t\t\t\t\t<h2 class=\"wp-block-heading\">Wer wir sind\u00a0<\/h2><p><strong>SUNIWAY (Imp u. Exp.) GmbH <\/strong><br \/><strong>Gesch\u00e4ftsf\u00fchrer: Jianqiang Xia<\/strong><\/p><p>Amtsgericht Hamburg <br \/>HRB 53424 <br \/>StNr: 51\/761\/00089<br \/>Umsatzsteuer-ID: DE 158 359 482<\/p>\t\t\t\t\t\t\t\t<\/div>\n\t\t\t\t<\/div>\n\t\t\t\t\t<\/div>\n\t\t<\/div>\n\t\t\t\t<div class=\"elementor-column elementor-col-33 elementor-top-column elementor-element elementor-element-95a8e7f\" data-id=\"95a8e7f\" data-element_type=\"column\" data-e-type=\"column\" data-settings=\"{&quot;background_background&quot;:&quot;classic&quot;}\">\n\t\t\t<div class=\"elementor-widget-wrap\">\n\t\t\t\t\t\t\t<\/div>\n\t\t<\/div>\n\t\t\t\t<div class=\"elementor-column elementor-col-33 elementor-top-column elementor-element elementor-element-640aca3\" data-id=\"640aca3\" data-element_type=\"column\" data-e-type=\"column\">\n\t\t\t<div class=\"elementor-widget-wrap elementor-element-populated\">\n\t\t\t\t\t\t<div class=\"elementor-element elementor-element-5fc3541 elementor-widget elementor-widget-text-editor\" data-id=\"5fc3541\" data-element_type=\"widget\" data-e-type=\"widget\" data-widget_type=\"text-editor.default\">\n\t\t\t\t<div class=\"elementor-widget-container\">\n\t\t\t\t\t\t\t\t\t<h2 class=\"wp-block-heading\">Kontakt<\/h2><p>Redderblock 29C<br \/>22147 Hamburg<br \/>Germany<br \/><br \/><\/p><p><i class=\"fa fa-globe fa-lg\"><\/i>\u00a0www.suniway.com<br \/><i class=\"fa fa-phone-square fa-lg\"><\/i> +49 155 60520253<br \/><i class=\"fa fa-envelope fa-lg\"><\/i>\u00a0info@suniway.com<\/p>\t\t\t\t\t\t\t\t<\/div>\n\t\t\t\t<\/div>\n\t\t\t\t\t<\/div>\n\t\t<\/div>\n\t\t\t\t\t<\/div>\n\t\t<\/section>\n\t\t\t\t<section class=\"elementor-section elementor-top-section elementor-element elementor-element-6868e04 elementor-section-full_width elementor-section-height-default elementor-section-height-default\" data-id=\"6868e04\" data-element_type=\"section\" data-e-type=\"section\">\n\t\t\t\t\t\t<div class=\"elementor-container elementor-column-gap-default\">\n\t\t\t\t\t<div class=\"elementor-column elementor-col-16 elementor-top-column elementor-element elementor-element-e8d521a\" data-id=\"e8d521a\" data-element_type=\"column\" data-e-type=\"column\">\n\t\t\t<div class=\"elementor-widget-wrap\">\n\t\t\t\t\t\t\t<\/div>\n\t\t<\/div>\n\t\t\t\t<div class=\"elementor-column elementor-col-66 elementor-top-column elementor-element elementor-element-60852ea\" data-id=\"60852ea\" data-element_type=\"column\" data-e-type=\"column\">\n\t\t\t<div class=\"elementor-widget-wrap elementor-element-populated\">\n\t\t\t\t\t\t<div class=\"elementor-element elementor-element-3b2f891 elementor-widget elementor-widget-text-editor\" data-id=\"3b2f891\" data-element_type=\"widget\" data-e-type=\"widget\" data-widget_type=\"text-editor.default\">\n\t\t\t\t<div class=\"elementor-widget-container\">\n\t\t\t\t\t\t\t\t\t<h2>Haftungsausschluss:<\/h2><h3>Haftung f\u00fcr Inhalte<\/h3>Die Inhalte unserer Seiten wurden mit gr\u00f6\u00dfter Sorgfalt erstellt. F\u00fcr die Aktualit\u00e4t, Vollst\u00e4ndigkeit und Richtigkeit der Inhalte k\u00f6nnen wir jedoch keine Gew\u00e4hr \u00fcbernehmen. Gem\u00e4\u00df \u00a7 7 Abs.. 1 TMG (Telemediengesetz) sind wir als Diensteanbieter f\u00fcr eigene Inhalte auf diesen Seiten nach den allgemeinen Gesetzen verantwortlich. Nach \u00a7\u00a7 8 bis 10 TMG sind wir als Diensteanbieter jedoch nicht verpflichtet, \u00fcbermittelte oder gespeicherte fremde Informationen zu \u00fcberwachen oder nach Umst\u00e4nden zu forschen, die auf eine rechtswidrige T\u00e4tigkeit hinweisen. \n\nVerpflichtungen zur Entfernung oder Sperrung der Nutzung von Informationen nach den allgemeinen Gesetzen bleiben hiervon unber\u00fchrt. Eine diesbez\u00fcgliche Haftung ist jedoch erst ab dem Zeitpunkt der Kenntnis einer konkreten Rechtsverletzung m\u00f6glich. Bei Bekanntwerden von Rechtsverletzungen werden wir derartige Inhalte umgehend entfernen.<h5><\/h5><h3>Haftung f\u00fcr Links<\/h3>Unsere Website enth\u00e4lt Links zu Websites von Dritten. Da wir auf deren Inhalte keinen Einfluss haben, k\u00f6nnen wir f\u00fcr diese fremden Inhalte auch keine Gew\u00e4hr \u00fcbernehmen. F\u00fcr die Inhalte und die Richtigkeit der Informationen ist stets der jeweilige Anbieter oder Betreiber der verlinkten Seiten verantwortlich. Zum Zeitpunkt der Linksetzung waren f\u00fcr uns keine Rechtsverst\u00f6\u00dfe erkennbar. Eine permanente inhaltliche Kontrolle der verlinkten Seiten ist jedoch ohne konkrete Anhaltspunkte einer Rechtsverletzung nicht zumutbar. Bei Bekanntwerden von Rechtsverletzungen werden wir derartige Links umgehend entfernen. <h5><\/h5><h3>Urheberrecht<\/h3>Die durch die Seitenbetreiber erstellten Inhalte und Werke auf diesen Seiten unterliegen dem deutschen Urheberrecht. Die Vervielf\u00e4ltigung, Bearbeitung, Verbreitung und jede Art der Verwertung au\u00dferhalb der Grenzen des Urheberrechtes bed\u00fcrfen der schriftlichen Zustimmung des jeweiligen Autors bzw. Erstellers. Downloads und Kopien dieser Seite sind nur f\u00fcr den privaten, nicht kommerziellen Gebrauch gestattet. Soweit die Inhalte auf dieser Seite nicht vom Betreiber erstellt wurden, werden die Urheberrechte Dritter beachtet. Insbesondere werden Inhalte Dritter als solche gekennzeichnet. Sollten Sie trotzdem auf eine Urheberrechtsverletzung aufmerksam werden, bitten wir um einen entsprechenden Hinweis. Bei Bekanntwerden von Rechtsverletzungen werden wir derartige Inhalte umgehend entfernen.\n<h3>Design<\/h3>\n<a href=\"http:\/\/www.wayra-digital.de\" target=\"_blank\" rel=\"noopener\">WAYRA-digital<\/a>\u00a0 |\u00a0 <a href=\"mailto:info@wayra-digital.de\">info@wayra-digital.de<\/a>\t\t\t\t\t\t\t\t<\/div>\n\t\t\t\t<\/div>\n\t\t\t\t\t<\/div>\n\t\t<\/div>\n\t\t\t\t<div class=\"elementor-column elementor-col-16 elementor-top-column elementor-element elementor-element-2216fdc\" data-id=\"2216fdc\" data-element_type=\"column\" data-e-type=\"column\">\n\t\t\t<div class=\"elementor-widget-wrap\">\n\t\t\t\t\t\t\t<\/div>\n\t\t<\/div>\n\t\t\t\t\t<\/div>\n\t\t<\/section>\n\t\t\t\t<\/div>\n\t\t","protected":false},"excerpt":{"rendered":"<p>Wer wir sind\u00a0 SUNIWAY (Imp u. Exp.) GmbH Gesch\u00e4ftsf\u00fchrer: Jianqiang Xia Amtsgericht Hamburg HRB 53424 StNr: 51\/761\/00089Umsatzsteuer-ID: DE 158 359 482 Kontakt Redderblock 29C22147 HamburgGermany \u00a0www.suniway.com +49 155 60520253\u00a0info@suniway.com Haftungsausschluss: Haftung f\u00fcr Inhalte Die Inhalte unserer Seiten wurden mit gr\u00f6\u00dfter Sorgfalt&#8230;<\/p>\n","protected":false},"author":3,"featured_media":0,"parent":0,"menu_order":0,"comment_status":"closed","ping_status":"closed","template":"","meta":{"footnotes":""},"class_list":["post-18572","page","type-page","status-publish","hentry"],"_links":{"self":[{"href":"https:\/\/suniway.com\/de\/wp-json\/wp\/v2\/pages\/18572","targetHints":{"allow":["GET"]}}],"collection":[{"href":"https:\/\/suniway.com\/de\/wp-json\/wp\/v2\/pages"}],"about":[{"href":"https:\/\/suniway.com\/de\/wp-json\/wp\/v2\/types\/page"}],"author":[{"embeddable":true,"href":"https:\/\/suniway.com\/de\/wp-json\/wp\/v2\/users\/3"}],"replies":[{"embeddable":true,"href":"https:\/\/suniway.com\/de\/wp-json\/wp\/v2\/comments?post=18572"}],"version-history":[{"count":24,"href":"https:\/\/suniway.com\/de\/wp-json\/wp\/v2\/pages\/18572\/revisions"}],"predecessor-version":[{"id":19933,"href":"https:\/\/suniway.com\/de\/wp-json\/wp\/v2\/pages\/18572\/revisions\/19933"}],"wp:attachment":[{"href":"https:\/\/suniway.com\/de\/wp-json\/wp\/v2\/media?parent=18572"}],"curies":[{"name":"wp","href":"https:\/\/api.w.org\/{rel}","templated":true}]}}