{"id":18582,"date":"2024-03-17T07:54:32","date_gmt":"2024-03-17T06:54:32","guid":{"rendered":"https:\/\/suniway.com\/knowledge\/"},"modified":"2024-09-25T11:46:15","modified_gmt":"2024-09-25T09:46:15","slug":"wissen","status":"publish","type":"page","link":"https:\/\/suniway.com\/de\/wissen\/","title":{"rendered":"Wissen"},"content":{"rendered":"\t\t<div data-elementor-type=\"wp-page\" data-elementor-id=\"18582\" class=\"elementor elementor-18582 elementor-16263\">\n\t\t\t\t\t\t<section class=\"elementor-section elementor-top-section elementor-element elementor-element-db61c10 elementor-section-boxed elementor-section-height-default elementor-section-height-default\" data-id=\"db61c10\" data-element_type=\"section\" data-e-type=\"section\">\n\t\t\t\t\t\t<div class=\"elementor-container elementor-column-gap-default\">\n\t\t\t\t\t<div class=\"elementor-column elementor-col-100 elementor-top-column elementor-element elementor-element-3bd19d9\" data-id=\"3bd19d9\" data-element_type=\"column\" data-e-type=\"column\">\n\t\t\t<div class=\"elementor-widget-wrap elementor-element-populated\">\n\t\t\t\t\t\t<div class=\"elementor-element elementor-element-5701056 elementor-widget elementor-widget-industrium_blog_listing\" data-id=\"5701056\" data-element_type=\"widget\" data-e-type=\"widget\" data-widget_type=\"industrium_blog_listing.default\">\n\t\t\t\t<div class=\"elementor-widget-container\">\n\t\t\t\t\t\n        <div class=\"archive-listing\" data-ajax='{&quot;post_type&quot;:&quot;post&quot;,&quot;posts_per_page&quot;:4,&quot;orderby&quot;:&quot;date&quot;,&quot;order&quot;:&quot;desc&quot;,&quot;paged&quot;:1,&quot;category_name&quot;:&quot;&quot;,&quot;tag&quot;:&quot;&quot;,&quot;post__in&quot;:&quot;&quot;,&quot;ignore_sticky_posts&quot;:false,&quot;link_base&quot;:&quot;https:\\\/\\\/suniway.com\\\/de\\\/wp-json\\\/wp\\\/v2\\\/pages\\\/18582\\\/&quot;}' data-widget='{&quot;excerpt_length&quot;:319,&quot;show_cat&quot;:&quot;&quot;,&quot;show_media&quot;:&quot;yes&quot;,&quot;show_author&quot;:&quot;&quot;,&quot;show_date&quot;:&quot;yes&quot;,&quot;show_title&quot;:&quot;yes&quot;,&quot;show_tags&quot;:&quot;&quot;,&quot;show_excerpt&quot;:&quot;yes&quot;,&quot;show_read_more&quot;:&quot;yes&quot;,&quot;read_more_text&quot;:&quot;Explore More&quot;,&quot;item_class&quot;:&quot;post standard-blog-item-wrapper&quot;,&quot;columns_number&quot;:1,&quot;listing_type&quot;:&quot;classic&quot;}'>\n            <div class=\"archive-listing-wrapper\">\n                \n<div class=\"standard-blog-item-wrapper post post-18690 type-post status-publish format-standard has-post-thumbnail hentry category-scandium-de category-aluminium-de tag-aluminium-de tag-scandium-de\">\n    <div class=\"blog-item\">\n        <div class=\"post-media-wrapper\"><a href=\"https:\/\/suniway.com\/de\/aluminum-lithium-scandium\/\"><picture><source media=\"(max-width: 575px)\" sizes=\"(max-width: 535px) 535px\" srcset=\"https:\/\/suniway.com\/wp-content\/uploads\/2024\/04\/Aluminiumbarren1340x701-535x280.jpg 535w\"><source media=\"(max-width: 991px)\" sizes=\"(max-width: 951px) 951px\" srcset=\"https:\/\/suniway.com\/wp-content\/uploads\/2024\/04\/Aluminiumbarren1340x701-951x497.jpg 951w\"><img decoding=\"async\" alt=\"Aluminiumbarren1340x701\" title=\"Aluminiumbarren1340x701\" src=\"https:\/\/suniway.com\/wp-content\/uploads\/2024\/04\/Aluminiumbarren1340x701.jpg\" class=\"attachment-post-thumbnail size-post-thumbnail wp-post-image\" \/><\/picture><\/a><\/div><div class=\"post-meta-header\"><div class=\"post-meta-item post-meta-item-date\"><a href=\"https:\/\/suniway.com\/de\/2024\/04\/17\/\"><span class=\"post-meta-item-day\">17<\/span><span class=\"post-meta-item-month-year\">April 2024<\/span><\/a><\/div><\/div><h2 class=\"post-title\"><a href=\"https:\/\/suniway.com\/de\/aluminum-lithium-scandium\/\">Aluminum Lithium Scandium (Al-Li-Sc)<\/a><\/h2><div class=\"post-content\">Aluminium, Mangan und Scandium sind drei Elemente, die in letzter Zeit viel Aufmerksamkeit auf sich gezogen haben, insbesondere in der Welt der Metallurgie und Fertigung. Zusammen bilden sie eine leistungsstarke Kombination, die neue und interessante Eigenschaften f\u00fcr eine Vielzahl von Anwendungen...<\/div><div class=\"post-more-button\"><a href=\"https:\/\/suniway.com\/de\/aluminum-lithium-scandium\/\" class=\"industrium-button\">Explore More<svg viewBox=\"0 0 13 20\"><polyline points=\"0.5 19.5 3 19.5 12.5 10 3 0.5\" \/><\/svg><\/a><\/div>    <\/div>\n<\/div>\n<div class=\"standard-blog-item-wrapper post post-18695 type-post status-publish format-standard has-post-thumbnail hentry category-scandium-de category-aluminium-de tag-aluminium-de tag-scandium-de\">\n    <div class=\"blog-item\">\n        <div class=\"post-media-wrapper\"><a href=\"https:\/\/suniway.com\/de\/aluminium-mangan-und-scandium-sind-drei-elemente-die-in-letzter-zeit-viel-aufmerksamkeit-erregt-haben\/\"><picture><source media=\"(max-width: 575px)\" sizes=\"(max-width: 535px) 535px\" srcset=\"https:\/\/suniway.com\/wp-content\/uploads\/2022\/01\/alluminium1340x701-535x280.jpg 535w\"><source media=\"(max-width: 991px)\" sizes=\"(max-width: 951px) 951px\" srcset=\"https:\/\/suniway.com\/wp-content\/uploads\/2022\/01\/alluminium1340x701-951x497.jpg 951w\"><img decoding=\"async\" alt=\"alluminium1340x701\" title=\"alluminium1340x701\" src=\"https:\/\/suniway.com\/wp-content\/uploads\/2022\/01\/alluminium1340x701.jpg\" class=\"attachment-post-thumbnail size-post-thumbnail wp-post-image\" \/><\/picture><\/a><\/div><div class=\"post-meta-header\"><div class=\"post-meta-item post-meta-item-date\"><a href=\"https:\/\/suniway.com\/de\/2024\/04\/10\/\"><span class=\"post-meta-item-day\">10<\/span><span class=\"post-meta-item-month-year\">April 2024<\/span><\/a><\/div><\/div><h2 class=\"post-title\"><a href=\"https:\/\/suniway.com\/de\/aluminium-mangan-und-scandium-sind-drei-elemente-die-in-letzter-zeit-viel-aufmerksamkeit-erregt-haben\/\">Aluminium, Mangan und Scandium sind drei Elemente, die in letzter Zeit viel Aufmerksamkeit erregt haben<\/a><\/h2><div class=\"post-content\">Aluminium, Mangan und Scandium sind drei Elemente, die in letzter Zeit viel Aufmerksamkeit auf sich gezogen haben, insbesondere in der Welt der Metallurgie und Fertigung. Zusammen bilden sie eine leistungsstarke Kombination, die neue und interessante Eigenschaften f\u00fcr eine Vielzahl von Anwendungen...<\/div><div class=\"post-more-button\"><a href=\"https:\/\/suniway.com\/de\/aluminium-mangan-und-scandium-sind-drei-elemente-die-in-letzter-zeit-viel-aufmerksamkeit-erregt-haben\/\" class=\"industrium-button\">Explore More<svg viewBox=\"0 0 13 20\"><polyline points=\"0.5 19.5 3 19.5 12.5 10 3 0.5\" \/><\/svg><\/a><\/div>    <\/div>\n<\/div>\n<div class=\"standard-blog-item-wrapper post post-18603 type-post status-publish format-standard has-post-thumbnail hentry category-scandium-de category-aluminium-de tag-aluminium-de tag-scandium-de tag-zinc-de\">\n    <div class=\"blog-item\">\n        <div class=\"post-media-wrapper\"><a href=\"https:\/\/suniway.com\/de\/aluminium-zink-scandium-ist-eine-starke-leichte-legierung-die-eine-vielzahl-von-industriellen-und-kommerziellen-anwendungen-hat\/\"><picture><source media=\"(max-width: 575px)\" sizes=\"(max-width: 535px) 535px\" srcset=\"https:\/\/suniway.com\/wp-content\/uploads\/2024\/03\/allu1340x701-535x280.jpg 535w\"><source media=\"(max-width: 991px)\" sizes=\"(max-width: 951px) 951px\" srcset=\"https:\/\/suniway.com\/wp-content\/uploads\/2024\/03\/allu1340x701-951x497.jpg 951w\"><img decoding=\"async\" alt=\"allu1340x701\" title=\"allu1340x701\" src=\"https:\/\/suniway.com\/wp-content\/uploads\/2024\/03\/allu1340x701.jpg\" class=\"attachment-post-thumbnail size-post-thumbnail wp-post-image\" \/><\/picture><\/a><\/div><div class=\"post-meta-header\"><div class=\"post-meta-item post-meta-item-date\"><a href=\"https:\/\/suniway.com\/de\/2024\/03\/22\/\"><span class=\"post-meta-item-day\">22<\/span><span class=\"post-meta-item-month-year\">M\u00e4rz 2024<\/span><\/a><\/div><\/div><h2 class=\"post-title\"><a href=\"https:\/\/suniway.com\/de\/aluminium-zink-scandium-ist-eine-starke-leichte-legierung-die-eine-vielzahl-von-industriellen-und-kommerziellen-anwendungen-hat\/\">Aluminium-Zink-Scandium ist eine starke, leichte Legierung, die eine Vielzahl von industriellen und kommerziellen Anwendungen hat<\/a><\/h2><div class=\"post-content\">Aluminium-Zink-Scandium ist eine starke, leichte Legierung, die eine Vielzahl von industriellen und kommerziellen Anwendungen hat. Dieses innovative Material wird durch die Zugabe geringer Mengen von Zink und Scandium zu Aluminium hergestellt, was seine Festigkeit und Haltbarkeit erheblich verbessert.\u00a0 Einer der wich<\/div><div class=\"post-more-button\"><a href=\"https:\/\/suniway.com\/de\/aluminium-zink-scandium-ist-eine-starke-leichte-legierung-die-eine-vielzahl-von-industriellen-und-kommerziellen-anwendungen-hat\/\" class=\"industrium-button\">Explore More<svg viewBox=\"0 0 13 20\"><polyline points=\"0.5 19.5 3 19.5 12.5 10 3 0.5\" \/><\/svg><\/a><\/div>    <\/div>\n<\/div>\n<div class=\"standard-blog-item-wrapper post post-18594 type-post status-publish format-standard has-post-thumbnail hentry category-scandium-de category-aluminium-de category-metall-de category-metal-foam-de\">\n    <div class=\"blog-item\">\n        <div class=\"post-media-wrapper\"><a href=\"https:\/\/suniway.com\/de\/wie-stellt-man-metallschaum-her\/\"><picture><source media=\"(max-width: 575px)\" sizes=\"(max-width: 535px) 535px\" srcset=\"https:\/\/suniway.com\/wp-content\/uploads\/2024\/04\/metal-foam1340x701-535x280.jpg 535w\"><source media=\"(max-width: 991px)\" sizes=\"(max-width: 951px) 951px\" srcset=\"https:\/\/suniway.com\/wp-content\/uploads\/2024\/04\/metal-foam1340x701-951x497.jpg 951w\"><img decoding=\"async\" alt=\"metal-foam1340x701\" title=\"metal-foam1340x701\" src=\"https:\/\/suniway.com\/wp-content\/uploads\/2024\/04\/metal-foam1340x701.jpg\" class=\"attachment-post-thumbnail size-post-thumbnail wp-post-image\" \/><\/picture><\/a><\/div><div class=\"post-meta-header\"><div class=\"post-meta-item post-meta-item-date\"><a href=\"https:\/\/suniway.com\/de\/2024\/02\/25\/\"><span class=\"post-meta-item-day\">25<\/span><span class=\"post-meta-item-month-year\">Februar 2024<\/span><\/a><\/div><\/div><h2 class=\"post-title\"><a href=\"https:\/\/suniway.com\/de\/wie-stellt-man-metallschaum-her\/\">Wie stellt man Metallschaum her?<\/a><\/h2><div class=\"post-content\">Metallschaum ist eine Art por\u00f6ses Material mit einer gro\u00dfen Anzahl von Poren in der Metallmatrix. Aufgrund seiner besonderen Struktur hat er viele besondere Eigenschaften, die bei Metallen mit hoher Dichte nicht zu finden sind. Merkmale: niedrige Dichte, gro\u00dfe Porengr\u00f6\u00dfe, vielf\u00e4ltige Porenstruktur,...<\/div><div class=\"post-more-button\"><a href=\"https:\/\/suniway.com\/de\/wie-stellt-man-metallschaum-her\/\" class=\"industrium-button\">Explore More<svg viewBox=\"0 0 13 20\"><polyline points=\"0.5 19.5 3 19.5 12.5 10 3 0.5\" \/><\/svg><\/a><\/div>    <\/div>\n<\/div>            <\/div>\n\n                    <\/div>\n        \t\t\t\t<\/div>\n\t\t\t\t<\/div>\n\t\t\t\t\t<\/div>\n\t\t<\/div>\n\t\t\t\t\t<\/div>\n\t\t<\/section>\n\t\t\t\t<section class=\"elementor-section elementor-top-section elementor-element elementor-element-5e56e6d elementor-section-full_width elementor-section-stretched elementor-section-height-default elementor-section-height-default\" data-id=\"5e56e6d\" data-element_type=\"section\" data-e-type=\"section\" data-settings=\"{&quot;stretch_section&quot;:&quot;section-stretched&quot;}\">\n\t\t\t\t\t\t<div class=\"elementor-container elementor-column-gap-no\">\n\t\t\t\t\t<div class=\"elementor-column elementor-col-100 elementor-top-column elementor-element elementor-element-41ca70e\" data-id=\"41ca70e\" data-element_type=\"column\" data-e-type=\"column\">\n\t\t\t<div class=\"elementor-widget-wrap elementor-element-populated\">\n\t\t\t\t\t\t<div class=\"elementor-element elementor-element-8d6af65 elementor-absolute elementor-hidden-mobile_extra elementor-hidden-mobile animated-fast decoration-type-1 elementor-invisible elementor-widget elementor-widget-industrium_decoration\" data-id=\"8d6af65\" data-element_type=\"widget\" data-e-type=\"widget\" data-settings=\"{&quot;_position&quot;:&quot;absolute&quot;,&quot;_animation&quot;:&quot;industrium_decoration&quot;,&quot;_animation_tablet_extra&quot;:&quot;none&quot;,&quot;_animation_delay&quot;:300}\" data-widget_type=\"industrium_decoration.default\">\n\t\t\t\t<div class=\"elementor-widget-container\">\n\t\t\t\t\t        <div class=\"decoration-widget\">\n            <div class=\"decoration-container\">\n                <div class=\"industrium-decoration\">\n                    <div><\/div><div><\/div><div><\/div>\n                <\/div>\n            <\/div>\n        <\/div>\n        \t\t\t\t<\/div>\n\t\t\t\t<\/div>\n\t\t\t\t\t<\/div>\n\t\t<\/div>\n\t\t\t\t\t<\/div>\n\t\t<\/section>\n\t\t\t\t<section class=\"elementor-section elementor-top-section elementor-element elementor-element-ff06388 elementor-section-stretched elementor-section-boxed elementor-section-height-default elementor-section-height-default\" data-id=\"ff06388\" data-element_type=\"section\" data-e-type=\"section\" data-settings=\"{&quot;stretch_section&quot;:&quot;section-stretched&quot;,&quot;background_background&quot;:&quot;classic&quot;}\">\n\t\t\t\t\t\t<div class=\"elementor-container elementor-column-gap-wide\">\n\t\t\t\t\t<div class=\"elementor-column elementor-col-50 elementor-top-column elementor-element elementor-element-e2ae661\" data-id=\"e2ae661\" data-element_type=\"column\" data-e-type=\"column\">\n\t\t\t<div class=\"elementor-widget-wrap elementor-element-populated\">\n\t\t\t\t\t\t<div class=\"elementor-element elementor-element-03e0503 elementor-widget elementor-widget-industrium_heading\" data-id=\"03e0503\" data-element_type=\"widget\" data-e-type=\"widget\" data-widget_type=\"industrium_heading.default\">\n\t\t\t\t<div class=\"elementor-widget-container\">\n\t\t\t\t\t<div class=\"industrium-heading-widget\"><h2 class=\"industrium-heading\"><span class=\"industrium-subheading no-dot\">Kontakt<\/span><span class=\"industrium-heading-content\">Unser Support-Team steht Ihnen bei allen Fragen und Problemen zur Seite.<\/span><\/h2><\/div>\t\t\t\t<\/div>\n\t\t\t\t<\/div>\n\t\t\t\t<section class=\"elementor-section elementor-inner-section elementor-element elementor-element-ffd15c3 elementor-section-boxed elementor-section-height-default elementor-section-height-default\" data-id=\"ffd15c3\" data-element_type=\"section\" data-e-type=\"section\">\n\t\t\t\t\t\t<div class=\"elementor-container elementor-column-gap-default\">\n\t\t\t\t\t<div class=\"elementor-column elementor-col-50 elementor-inner-column elementor-element elementor-element-8f7c4ae\" data-id=\"8f7c4ae\" data-element_type=\"column\" data-e-type=\"column\">\n\t\t\t<div class=\"elementor-widget-wrap elementor-element-populated\">\n\t\t\t\t\t\t<div class=\"elementor-element elementor-element-6f87ae3 elementor-widget elementor-widget-industrium_heading\" data-id=\"6f87ae3\" data-element_type=\"widget\" data-e-type=\"widget\" data-widget_type=\"industrium_heading.default\">\n\t\t\t\t<div class=\"elementor-widget-container\">\n\t\t\t\t\t<div class=\"industrium-heading-widget\"><h5 class=\"industrium-heading\"><span class=\"industrium-heading-content\">Folgen Sie uns<\/span><\/h5><\/div>\t\t\t\t<\/div>\n\t\t\t\t<\/div>\n\t\t\t\t<div class=\"elementor-element elementor-element-a894369 elementor-shape-square elementor-grid-0 elementor-widget elementor-widget-social-icons\" data-id=\"a894369\" data-element_type=\"widget\" data-e-type=\"widget\" data-widget_type=\"social-icons.default\">\n\t\t\t\t<div class=\"elementor-widget-container\">\n\t\t\t\t\t\t\t<div class=\"elementor-social-icons-wrapper elementor-grid\">\n\t\t\t\t\t\t\t<span class=\"elementor-grid-item\">\n\t\t\t\t\t<a class=\"elementor-icon elementor-social-icon elementor-social-icon-linkedin-in elementor-repeater-item-805c147\" href=\"https:\/\/www.linkedin.com\/company\/suniway-gmbh\" target=\"_blank\" rel=\"noopener\">\n\t\t\t\t\t\t<span class=\"elementor-screen-only\">Linkedin-in<\/span>\n\t\t\t\t\t\t<svg aria-hidden=\"true\" class=\"e-font-icon-svg e-fab-linkedin-in\" viewBox=\"0 0 448 512\" xmlns=\"http:\/\/www.w3.org\/2000\/svg\"><path d=\"M100.28 448H7.4V148.9h92.88zM53.79 108.1C24.09 108.1 0 83.5 0 53.8a53.79 53.79 0 0 1 107.58 0c0 29.7-24.1 54.3-53.79 54.3zM447.9 448h-92.68V302.4c0-34.7-.7-79.2-48.29-79.2-48.29 0-55.69 37.7-55.69 76.7V448h-92.78V148.9h89.08v40.8h1.3c12.4-23.5 42.69-48.3 87.88-48.3 94 0 111.28 61.9 111.28 142.3V448z\"><\/path><\/svg>\t\t\t\t\t<\/a>\n\t\t\t\t<\/span>\n\t\t\t\t\t<\/div>\n\t\t\t\t\t\t<\/div>\n\t\t\t\t<\/div>\n\t\t\t\t\t<\/div>\n\t\t<\/div>\n\t\t\t\t<div class=\"elementor-column elementor-col-50 elementor-inner-column elementor-element elementor-element-ddafdc3\" data-id=\"ddafdc3\" data-element_type=\"column\" data-e-type=\"column\">\n\t\t\t<div class=\"elementor-widget-wrap elementor-element-populated\">\n\t\t\t\t\t\t<div class=\"elementor-element elementor-element-de69ed5 elementor-widget elementor-widget-industrium_heading\" data-id=\"de69ed5\" data-element_type=\"widget\" data-e-type=\"widget\" data-widget_type=\"industrium_heading.default\">\n\t\t\t\t<div class=\"elementor-widget-container\">\n\t\t\t\t\t<div class=\"industrium-heading-widget\"><h5 class=\"industrium-heading\"><span class=\"industrium-heading-content\">Telefon<\/span><\/h5><\/div>\t\t\t\t<\/div>\n\t\t\t\t<\/div>\n\t\t\t\t<div class=\"elementor-element elementor-element-5614faa elementor-widget elementor-widget-text-editor\" data-id=\"5614faa\" data-element_type=\"widget\" data-e-type=\"widget\" data-widget_type=\"text-editor.default\">\n\t\t\t\t<div class=\"elementor-widget-container\">\n\t\t\t\t\t\t\t\t\t<p>+49 155 60520253<\/p>\n\t\t\t\t\t\t\t\t<\/div>\n\t\t\t\t<\/div>\n\t\t\t\t<div class=\"elementor-element elementor-element-aecb4e4 elementor-widget elementor-widget-industrium_heading\" data-id=\"aecb4e4\" data-element_type=\"widget\" data-e-type=\"widget\" data-widget_type=\"industrium_heading.default\">\n\t\t\t\t<div class=\"elementor-widget-container\">\n\t\t\t\t\t<div class=\"industrium-heading-widget\"><h5 class=\"industrium-heading\"><span class=\"industrium-heading-content\">E-Mail<\/span><\/h5><\/div>\t\t\t\t<\/div>\n\t\t\t\t<\/div>\n\t\t\t\t<div class=\"elementor-element elementor-element-dd7e5e4 elementor-widget elementor-widget-text-editor\" data-id=\"dd7e5e4\" data-element_type=\"widget\" data-e-type=\"widget\" data-widget_type=\"text-editor.default\">\n\t\t\t\t<div class=\"elementor-widget-container\">\n\t\t\t\t\t\t\t\t\t<p><a style=\"text-decoration: underline;\" href=\"mailto:info@suniway.com\">info@suniway.com<\/a><\/p>\n\t\t\t\t\t\t\t\t<\/div>\n\t\t\t\t<\/div>\n\t\t\t\t\t<\/div>\n\t\t<\/div>\n\t\t\t\t\t<\/div>\n\t\t<\/section>\n\t\t\t\t<div class=\"elementor-element elementor-element-a73313a elementor-widget elementor-widget-industrium_special_text\" data-id=\"a73313a\" data-element_type=\"widget\" data-e-type=\"widget\" data-widget_type=\"industrium_special_text.default\">\n\t\t\t\t<div class=\"elementor-widget-container\">\n\t\t\t\t\t<div class=\"special-text special-text-effect-stroke\">Seit 1993<\/div>\t\t\t\t<\/div>\n\t\t\t\t<\/div>\n\t\t\t\t\t<\/div>\n\t\t<\/div>\n\t\t\t\t<div class=\"elementor-column elementor-col-50 elementor-top-column elementor-element elementor-element-c4a7057\" data-id=\"c4a7057\" data-element_type=\"column\" data-e-type=\"column\">\n\t\t\t<div class=\"elementor-widget-wrap elementor-element-populated\">\n\t\t\t\t\t\t<div class=\"elementor-element elementor-element-b6e283a elementor-widget elementor-widget-industrium_wpforms\" data-id=\"b6e283a\" data-element_type=\"widget\" data-e-type=\"widget\" data-widget_type=\"industrium_wpforms.default\">\n\t\t\t\t<div class=\"elementor-widget-container\">\n\t\t\t\t\t        <div class=\"industrium-wpforms-widget\">\n            <h2 class=\"wpforms-widget-heading industrium-heading\"><span class=\"industrium-heading-content\">Kontaktieren Sie uns<\/span><\/h2><style id=\"wpforms-css-vars-18546\">\n\t\t\t\t#wpforms-18546 {\n\t\t\t\t\n\t\t\t}\n\t\t\t<\/style><div class=\"wpforms-container wpforms-container-full wpforms-render-modern\" id=\"wpforms-18546\"><form id=\"wpforms-form-18546\" class=\"wpforms-validate wpforms-form wpforms-ajax-form\" data-formid=\"18546\" method=\"post\" enctype=\"multipart\/form-data\" action=\"\/de\/wp-json\/wp\/v2\/pages\/18582\" data-token=\"8514ca5cf19cd6430a58c997b6be5c8c\" data-token-time=\"1776015129\"><div class=\"wpforms-head-container\"><div class=\"wpforms-description\">Wenn Sie Fragen haben, z\u00f6gern Sie bitte nicht, uns entweder per E-Mail oder \u00fcber unser Support-Formular zu kontaktieren. Wir werden Ihnen gerne die notwendigen Informationen zukommen lassen. Alle Aktualisierungen werden auf dieser Website ver\u00f6ffentlicht.<\/div><\/div><noscript class=\"wpforms-error-noscript\">Bitte aktiviere JavaScript in deinem Browser, um dieses Formular fertigzustellen.<\/noscript><div id=\"wpforms-error-noscript\" style=\"display: none;\">Bitte aktiviere JavaScript in deinem Browser, um dieses Formular fertigzustellen.<\/div><div class=\"wpforms-field-container\">\t\t<div id=\"wpforms-18546-field_1-container\"\n\t\t\tclass=\"wpforms-field wpforms-field-text\"\n\t\t\tdata-field-type=\"text\"\n\t\t\tdata-field-id=\"1\"\n\t\t\t>\n\t\t\t<label class=\"wpforms-field-label\" for=\"wpforms-18546-field_1\" >Email Firmenname Nachricht<\/label>\n\t\t\t<input type=\"text\" id=\"wpforms-18546-field_1\" class=\"wpforms-field-medium\" name=\"wpforms[fields][1]\" >\n\t\t<\/div>\n\t\t<div id=\"wpforms-18546-field_4-container\" class=\"wpforms-field wpforms-field-text\" data-field-id=\"4\"><label class=\"wpforms-field-label wpforms-label-hide\" for=\"wpforms-18546-field_4\" aria-hidden=\"false\">Firmenname <span class=\"wpforms-required-label\" aria-hidden=\"true\">*<\/span><\/label><input type=\"text\" id=\"wpforms-18546-field_4\" class=\"wpforms-field-medium wpforms-field-required\" name=\"wpforms[fields][4]\" placeholder=\"Firmenname\" aria-errormessage=\"wpforms-18546-field_4-error\" required><\/div><div id=\"wpforms-18546-field_2-container\" class=\"wpforms-field wpforms-field-email\" data-field-id=\"2\"><label class=\"wpforms-field-label wpforms-label-hide\" for=\"wpforms-18546-field_2\" aria-hidden=\"false\">Email <span class=\"wpforms-required-label\" aria-hidden=\"true\">*<\/span><\/label><input type=\"email\" id=\"wpforms-18546-field_2\" class=\"wpforms-field-large wpforms-field-required\" name=\"wpforms[fields][2]\" placeholder=\"E-Mail\" spellcheck=\"false\" aria-errormessage=\"wpforms-18546-field_2-error\" required><\/div><div id=\"wpforms-18546-field_5-container\" class=\"wpforms-field wpforms-field-text\" data-field-id=\"5\"><label class=\"wpforms-field-label wpforms-label-hide\" for=\"wpforms-18546-field_5\" aria-hidden=\"false\">Betreff<\/label><input type=\"text\" id=\"wpforms-18546-field_5\" class=\"wpforms-field-medium\" name=\"wpforms[fields][5]\" placeholder=\"Betreff\" aria-errormessage=\"wpforms-18546-field_5-error\" ><\/div><div id=\"wpforms-18546-field_3-container\" class=\"wpforms-field wpforms-field-textarea\" data-field-id=\"3\"><label class=\"wpforms-field-label wpforms-label-hide\" for=\"wpforms-18546-field_3\" aria-hidden=\"false\">Nachricht<\/label><textarea id=\"wpforms-18546-field_3\" class=\"wpforms-field-medium\" name=\"wpforms[fields][3]\" placeholder=\"Nachricht\" aria-errormessage=\"wpforms-18546-field_3-error\" ><\/textarea><\/div><script>\n\t\t\t\t( function() {\n\t\t\t\t\tconst style = document.createElement( 'style' );\n\t\t\t\t\tstyle.appendChild( document.createTextNode( '#wpforms-18546-field_1-container { position: absolute !important; overflow: hidden !important; display: inline !important; height: 1px !important; width: 1px !important; z-index: -1000 !important; padding: 0 !important; } #wpforms-18546-field_1-container input { visibility: hidden; } #wpforms-conversational-form-page #wpforms-18546-field_1-container label { counter-increment: none; }' ) );\n\t\t\t\t\tdocument.head.appendChild( style );\n\t\t\t\t\tdocument.currentScript?.remove();\n\t\t\t\t} )();\n\t\t\t<\/script><\/div><!-- .wpforms-field-container --><div class=\"wpforms-submit-container\" ><input type=\"hidden\" name=\"wpforms[id]\" value=\"18546\"><input type=\"hidden\" name=\"page_title\" value=\"\"><input type=\"hidden\" name=\"page_url\" value=\"https:\/\/suniway.com\/de\/wp-json\/wp\/v2\/pages\/18582\"><input type=\"hidden\" name=\"url_referer\" value=\"\"><button type=\"submit\" name=\"wpforms[submit]\" id=\"wpforms-submit-18546\" class=\"wpforms-submit\" data-alt-text=\"senden...\" data-submit-text=\"SENDEN\" aria-live=\"assertive\" value=\"wpforms-submit\">SENDEN<\/button><img decoding=\"async\" src=\"https:\/\/suniway.com\/wp-content\/plugins\/wpforms-lite\/assets\/images\/submit-spin.svg\" class=\"wpforms-submit-spinner\" style=\"display: none;\" width=\"26\" height=\"26\" alt=\"Wird geladen\"><\/div><\/form><\/div>  <!-- .wpforms-container -->        <\/div>\n        \t\t\t\t<\/div>\n\t\t\t\t<\/div>\n\t\t\t\t<div class=\"elementor-element elementor-element-25e988a decoration-type-2 elementor-widget__width-auto elementor-absolute elementor-hidden-mobile_extra elementor-hidden-mobile animated-fast elementor-invisible elementor-widget elementor-widget-industrium_decoration\" data-id=\"25e988a\" data-element_type=\"widget\" data-e-type=\"widget\" data-settings=\"{&quot;_position&quot;:&quot;absolute&quot;,&quot;_animation&quot;:&quot;industrium_decoration&quot;,&quot;_animation_tablet_extra&quot;:&quot;none&quot;,&quot;_animation_delay&quot;:300}\" data-widget_type=\"industrium_decoration.default\">\n\t\t\t\t<div class=\"elementor-widget-container\">\n\t\t\t\t\t        <div class=\"decoration-widget\">\n            <div class=\"decoration-container\">\n                <div class=\"industrium-decoration\">\n                    <div><\/div><div><\/div><div><\/div>\n                <\/div>\n            <\/div>\n        <\/div>\n        \t\t\t\t<\/div>\n\t\t\t\t<\/div>\n\t\t\t\t\t<\/div>\n\t\t<\/div>\n\t\t\t\t\t<\/div>\n\t\t<\/section>\n\t\t\t\t<\/div>\n\t\t","protected":false},"excerpt":{"rendered":"<p>Linkedin-in +49 155 60520253 info@suniway.com<\/p>\n","protected":false},"author":3,"featured_media":0,"parent":0,"menu_order":0,"comment_status":"closed","ping_status":"closed","template":"","meta":{"footnotes":""},"class_list":["post-18582","page","type-page","status-publish","hentry"],"_links":{"self":[{"href":"https:\/\/suniway.com\/de\/wp-json\/wp\/v2\/pages\/18582","targetHints":{"allow":["GET"]}}],"collection":[{"href":"https:\/\/suniway.com\/de\/wp-json\/wp\/v2\/pages"}],"about":[{"href":"https:\/\/suniway.com\/de\/wp-json\/wp\/v2\/types\/page"}],"author":[{"embeddable":true,"href":"https:\/\/suniway.com\/de\/wp-json\/wp\/v2\/users\/3"}],"replies":[{"embeddable":true,"href":"https:\/\/suniway.com\/de\/wp-json\/wp\/v2\/comments?post=18582"}],"version-history":[{"count":12,"href":"https:\/\/suniway.com\/de\/wp-json\/wp\/v2\/pages\/18582\/revisions"}],"predecessor-version":[{"id":19659,"href":"https:\/\/suniway.com\/de\/wp-json\/wp\/v2\/pages\/18582\/revisions\/19659"}],"wp:attachment":[{"href":"https:\/\/suniway.com\/de\/wp-json\/wp\/v2\/media?parent=18582"}],"curies":[{"name":"wp","href":"https:\/\/api.w.org\/{rel}","templated":true}]}}